{"id":681,"date":"2023-09-12T11:01:11","date_gmt":"2023-09-12T09:01:11","guid":{"rendered":"https:\/\/www.obrasur.es\/?page_id=681"},"modified":"2025-09-15T15:44:18","modified_gmt":"2025-09-15T13:44:18","slug":"informatica","status":"publish","type":"page","link":"https:\/\/www.pyser.es\/informatica\/","title":{"rendered":"informatica"},"content":{"rendered":"<p>[et_pb_section fb_built=\u00bb1&#8243; _builder_version=\u00bb4.22.1&#8243; _module_preset=\u00bbdefault\u00bb background_color=\u00bbrgba(1,140,209,0.3)\u00bb background_enable_mask_style=\u00bbon\u00bb background_mask_style=\u00bbwave\u00bb background_mask_transform=\u00bbflip_horizontal\u00bb custom_padding=\u00bb||50px|||\u00bb global_colors_info=\u00bb{}\u00bb][et_pb_row column_structure=\u00bb1_3,1_3,1_3&#8243; _builder_version=\u00bb4.21.0&#8243; _module_preset=\u00bbdefault\u00bb width=\u00bb90%\u00bb max_width=\u00bb100%\u00bb global_colors_info=\u00bb{}\u00bb][et_pb_column type=\u00bb1_3&#8243; _builder_version=\u00bb4.21.0&#8243; _module_preset=\u00bbdefault\u00bb global_colors_info=\u00bb{}\u00bb][dipl_flipbox layout1_shake_effect=\u00bbon\u00bb front_title=\u00bbSistemas TPV\u00bb front_image=\u00bbhttps:\/\/www.pyser.es\/informatica\/wp-content\/uploads\/2025\/08\/tpv_sevilla.gif\u00bb back_button_display=\u00bbon\u00bb back_button_text=\u00bbM\u00e1s Informaci\u00f3n\u00bb back_button_url=\u00bb@ET-DC@eyJkeW5hbWljIjp0cnVlLCJjb250ZW50IjoicG9zdF9saW5rX3VybF9wYWdlIiwic2V0dGluZ3MiOnsicG9zdF9pZCI6IjExNDUifX0=@\u00bb front_background_color=\u00bb#018cd1&#8243; back_background_color=\u00bbrgba(6,41,81,0.34)\u00bb front_image_max_width=\u00bb550px\u00bb content_max_width=\u00bb500px\u00bb flipbox_min_height=\u00bb500px\u00bb _builder_version=\u00bb4.22.1&#8243; _dynamic_attributes=\u00bbback_button_url\u00bb _module_preset=\u00bbdefault\u00bb front_header_level=\u00bbh2&#8243; front_header_text_color=\u00bb#FFFFFF\u00bb back_header_level=\u00bbh2&#8243; back_body_font_size=\u00bb24px\u00bb back_body_line_height=\u00bb1.5em\u00bb custom_back_button=\u00bbon\u00bb back_button_text_color=\u00bb#FFFFFF\u00bb link_option_url=\u00bbhttps:\/\/www.pyser.es\/informatica\/sistemas-tpv\/\u00bb global_colors_info=\u00bb{}\u00bb]<\/p>\n<p style=\"text-align: center;\"><span style=\"color: #ffffff;\">En Pyser Inform\u00e1tica somos especialistas en la implementaci\u00f3n de sistemas TPV (Terminal Punto de Venta) dise\u00f1ados espec\u00edficamente para el sector de la hosteler\u00eda y el comercio<\/span><\/p>\n<p>[\/dipl_flipbox][\/et_pb_column][et_pb_column type=\u00bb1_3&#8243; _builder_version=\u00bb4.21.0&#8243; _module_preset=\u00bbdefault\u00bb global_colors_info=\u00bb{}\u00bb][dipl_flipbox layout1_shake_effect=\u00bbon\u00bb front_title=\u00bbReparaci\u00f3n y Mantenimiento \u00bb front_image=\u00bbhttps:\/\/www.pyser.es\/informatica\/wp-content\/uploads\/2025\/08\/mantenimiento_informatico.gif\u00bb back_button_display=\u00bbon\u00bb back_button_text=\u00bbM\u00e1s informaci\u00f3n\u00bb back_button_url=\u00bb@ET-DC@eyJkeW5hbWljIjp0cnVlLCJjb250ZW50IjoicG9zdF9saW5rX3VybF9wYWdlIiwic2V0dGluZ3MiOnsicG9zdF9pZCI6IjExOTAifX0=@\u00bb front_background_color=\u00bb#a3d8f5&#8243; back_background_color=\u00bbrgba(6,41,81,0.34)\u00bb front_image_max_width=\u00bb550px\u00bb content_max_width=\u00bb500px\u00bb flipbox_min_height=\u00bb500px\u00bb _builder_version=\u00bb4.22.1&#8243; _dynamic_attributes=\u00bblink_option_url,back_button_url\u00bb _module_preset=\u00bbdefault\u00bb front_header_level=\u00bbh2&#8243; front_header_text_color=\u00bb#FFFFFF\u00bb back_body_font_size=\u00bb24px\u00bb back_body_line_height=\u00bb1.5em\u00bb custom_back_button=\u00bbon\u00bb back_button_text_color=\u00bb#FFFFFF\u00bb link_option_url=\u00bb@ET-DC@eyJkeW5hbWljIjp0cnVlLCJjb250ZW50IjoicG9zdF9saW5rX3VybF9wYWdlIiwic2V0dGluZ3MiOnsicG9zdF9pZCI6IjExOTAifX0=@\u00bb global_colors_info=\u00bb{}\u00bb]<\/p>\n<p style=\"text-align: center;\"><span style=\"color: #ffffff;\">En Pyser Inform\u00e1tica sabemos que un fallo t\u00e9cnico puede significar p\u00e9rdidas de tiempo, dinero y clientes. Por eso ofrecemos servicios de mantenimiento preventivo y correctivo, dise\u00f1ados para garantizar el funcionamiento \u00f3ptimo de tus sistemas en todo momento<\/span><\/p>\n<p>[\/dipl_flipbox][\/et_pb_column][et_pb_column type=\u00bb1_3&#8243; _builder_version=\u00bb4.21.0&#8243; _module_preset=\u00bbdefault\u00bb global_colors_info=\u00bb{}\u00bb][dipl_flipbox layout1_shake_effect=\u00bbon\u00bb front_title=\u00bbRedes Inform\u00e1ticas\u00bb front_image=\u00bbhttps:\/\/www.pyser.es\/informatica\/wp-content\/uploads\/2025\/08\/redes2.gif\u00bb back_button_display=\u00bbon\u00bb back_button_text=\u00bbM\u00e1s Informaci\u00f3n\u00bb back_button_url=\u00bb@ET-DC@eyJkeW5hbWljIjp0cnVlLCJjb250ZW50IjoicG9zdF9saW5rX3VybF9wYWdlIiwic2V0dGluZ3MiOnsicG9zdF9pZCI6IjExODAifX0=@\u00bb front_background_color=\u00bb#018cd1&#8243; back_background_color=\u00bbrgba(6,41,81,0.34)\u00bb front_image_max_width=\u00bb550px\u00bb content_max_width=\u00bb500px\u00bb flipbox_min_height=\u00bb500px\u00bb _builder_version=\u00bb4.22.1&#8243; _dynamic_attributes=\u00bbback_button_url\u00bb _module_preset=\u00bbdefault\u00bb front_header_level=\u00bbh2&#8243; front_header_text_color=\u00bb#FFFFFF\u00bb back_body_font_size=\u00bb24px\u00bb back_body_line_height=\u00bb1.5em\u00bb custom_back_button=\u00bbon\u00bb back_button_text_color=\u00bb#FFFFFF\u00bb link_option_url=\u00bbhttps:\/\/www.pyser.es\/informatica\/instalacion-y-mantenimiento-de-redes\/\u00bb global_colors_info=\u00bb{}\u00bb]<\/p>\n<p style=\"text-align: center;\"><span style=\"color: #ffffff;\">En Pyser Inform\u00e1tica somos expertos en el dise\u00f1o, instalaci\u00f3n y mantenimiento de redes cableadas y redes WiFi profesionales, adaptadas a hogares, oficinas, negocios, hosteler\u00eda y espacios industriales.<\/span><\/p>\n<p>[\/dipl_flipbox][\/et_pb_column][\/et_pb_row][\/et_pb_section][et_pb_section fb_built=\u00bb1&#8243; disabled_on=\u00bbon|on|on\u00bb _builder_version=\u00bb4.22.1&#8243; _module_preset=\u00bbdefault\u00bb background_enable_mask_style=\u00bbon\u00bb background_mask_style=\u00bbwave\u00bb background_mask_color=\u00bbrgba(1,140,209,0.3)\u00bb background_mask_transform=\u00bbinvert|flip_vertical\u00bb custom_padding=\u00bb50px||11px|||\u00bb disabled=\u00bbon\u00bb global_colors_info=\u00bb{}\u00bb][et_pb_row column_structure=\u00bb1_4,3_4&#8243; _builder_version=\u00bb4.21.0&#8243; _module_preset=\u00bbdefault\u00bb width=\u00bb90%\u00bb max_width=\u00bb100%\u00bb module_alignment=\u00bbcenter\u00bb global_colors_info=\u00bb{}\u00bb][et_pb_column type=\u00bb1_4&#8243; _builder_version=\u00bb4.21.0&#8243; _module_preset=\u00bbdefault\u00bb global_colors_info=\u00bb{}\u00bb][et_pb_text _builder_version=\u00bb4.22.1&#8243; _module_preset=\u00bbdefault\u00bb text_font_size=\u00bb16px\u00bb text_line_height=\u00bb2em\u00bb global_colors_info=\u00bb{}\u00bb]<\/p>\n<h3><span style=\"color: #062951;\"><strong>ACTUALIDAD<\/strong><\/span><\/h3>\n<p>Conozca nuestro \u00faltimos trabajos as\u00ed como informaci\u00f3n relevante del sector de las reformas y decoraci\u00f3n de hogares.[\/et_pb_text][\/et_pb_column][et_pb_column type=\u00bb3_4&#8243; _builder_version=\u00bb4.21.0&#8243; _module_preset=\u00bbdefault\u00bb global_colors_info=\u00bb{}\u00bb][dipl_blog_slider slider_layout=\u00bblayout2&#8243; posts_number=\u00bb3&#8243; show_content=\u00bbon\u00bb show_author=\u00bboff\u00bb show_date=\u00bboff\u00bb show_comments=\u00bboff\u00bb post_content_wrapper_background_color=\u00bbrgba(6,41,81,0.6)\u00bb slider_loop=\u00bbon\u00bb post_per_slide_tablet=\u00bb2&#8243; post_per_slide_phone=\u00bb1&#8243; _builder_version=\u00bb4.22.1&#8243; _module_preset=\u00bbdefault\u00bb title_text_color=\u00bb#FFFFFF\u00bb body_text_color=\u00bb#FFFFFF\u00bb height=\u00bb500px\u00bb box_shadow_style_single_post=\u00bbpreset2&#8243; global_colors_info=\u00bb{}\u00bb][\/dipl_blog_slider][\/et_pb_column][\/et_pb_row][\/et_pb_section][et_pb_section fb_built=\u00bb1&#8243; _builder_version=\u00bb4.21.0&#8243; _module_preset=\u00bbdefault\u00bb custom_padding=\u00bb0px|6px|50px|||\u00bb global_colors_info=\u00bb{}\u00bb][et_pb_row _builder_version=\u00bb4.21.0&#8243; _module_preset=\u00bbdefault\u00bb width=\u00bb90%\u00bb max_width=\u00bb1400px\u00bb global_colors_info=\u00bb{}\u00bb][et_pb_column type=\u00bb4_4&#8243; _builder_version=\u00bb4.21.0&#8243; _module_preset=\u00bbdefault\u00bb global_colors_info=\u00bb{}\u00bb][dipl_text_highlighter highlighter_content=\u00bbNUESTROS CLIENTES\u00bb svg_type=\u00bbhighlight_underline\u00bb svg_color=\u00bb#0C71C3&#8243; stroke_width=\u00bb1.2&#8243; stroke_paint_delay=\u00bb1s\u00bb _builder_version=\u00bb4.22.1&#8243; _module_preset=\u00bbdefault\u00bb global_body_text_align=\u00bbcenter\u00bb global_body_text_color=\u00bb#062951&#8243; global_body_font_size=\u00bb32px\u00bb global_colors_info=\u00bb{}\u00bb][\/dipl_text_highlighter][dipl_image_card_carousel cards_per_slide=\u00bb5&#8243; space_between_slides=\u00bb10px\u00bb slider_loop=\u00bbon\u00bb autoplay_speed=\u00bb1500&#8243; slide_transition_duration=\u00bb750&#8243; show_control_dot=\u00bbon\u00bb cards_per_slide_tablet=\u00bb2&#8243; cards_per_slide_phone=\u00bb1&#8243; _builder_version=\u00bb4.22.1&#8243; _module_preset=\u00bbdefault\u00bb hover_enabled=\u00bb0&#8243; global_colors_info=\u00bb{}\u00bb sticky_enabled=\u00bb0&#8243;][dipl_image_card_carousel_item image=\u00bbhttps:\/\/www.pyser.es\/informatica\/wp-content\/uploads\/2025\/09\/logo-amograe.jpg\u00bb _builder_version=\u00bb4.22.1&#8243; _module_preset=\u00bbdefault\u00bb link_option_url=\u00bbhttps:\/\/amograe.com\/\u00bb hover_enabled=\u00bb0&#8243; global_colors_info=\u00bb{}\u00bb sticky_enabled=\u00bb0&#8243; title_text=\u00bblogo amograe\u00bb][\/dipl_image_card_carousel_item][dipl_image_card_carousel_item image=\u00bbhttps:\/\/www.pyser.es\/informatica\/wp-content\/uploads\/2025\/08\/occosevilla.gif\u00bb _builder_version=\u00bb4.22.1&#8243; _module_preset=\u00bbdefault\u00bb link_option_url=\u00bbhttps:\/\/occosevilla.es\/\u00bb link_option_url_new_window=\u00bbon\u00bb hover_enabled=\u00bb0&#8243; global_colors_info=\u00bb{}\u00bb sticky_enabled=\u00bb0&#8243;][\/dipl_image_card_carousel_item][dipl_image_card_carousel_item image=\u00bbhttps:\/\/www.pyser.es\/informatica\/wp-content\/uploads\/2025\/08\/monasterio.gif\u00bb _builder_version=\u00bb4.22.1&#8243; _module_preset=\u00bbdefault\u00bb link_option_url=\u00bbhttps:\/\/www.facebook.com\/MonasterioSevilla\/\u00bb link_option_url_new_window=\u00bbon\u00bb hover_enabled=\u00bb0&#8243; global_colors_info=\u00bb{}\u00bb sticky_enabled=\u00bb0&#8243;][\/dipl_image_card_carousel_item][dipl_image_card_carousel_item image=\u00bbhttps:\/\/www.pyser.es\/informatica\/wp-content\/uploads\/2025\/08\/pinzon.gif\u00bb _builder_version=\u00bb4.22.1&#8243; _module_preset=\u00bbdefault\u00bb link_option_url=\u00bbhttps:\/\/www.facebook.com\/PinzonSevilla\/\u00bb link_option_url_new_window=\u00bbon\u00bb hover_enabled=\u00bb0&#8243; global_colors_info=\u00bb{}\u00bb sticky_enabled=\u00bb0&#8243;][\/dipl_image_card_carousel_item][dipl_image_card_carousel_item image=\u00bbhttps:\/\/www.pyser.es\/informatica\/wp-content\/uploads\/2025\/08\/sewe.gif\u00bb _builder_version=\u00bb4.22.1&#8243; _module_preset=\u00bbdefault\u00bb link_option_url=\u00bbhttps:\/\/www.facebook.com\/sewe.lamotilla\/\u00bb link_option_url_new_window=\u00bbon\u00bb hover_enabled=\u00bb0&#8243; global_colors_info=\u00bb{}\u00bb sticky_enabled=\u00bb0&#8243;][\/dipl_image_card_carousel_item][dipl_image_card_carousel_item image=\u00bbhttps:\/\/www.pyser.es\/informatica\/wp-content\/uploads\/2025\/08\/bliss.gif\u00bb _builder_version=\u00bb4.22.1&#8243; _module_preset=\u00bbdefault\u00bb link_option_url=\u00bbhttps:\/\/blissgrouprestauracion.com\/\u00bb link_option_url_new_window=\u00bbon\u00bb hover_enabled=\u00bb0&#8243; global_colors_info=\u00bb{}\u00bb sticky_enabled=\u00bb0&#8243;][\/dipl_image_card_carousel_item][dipl_image_card_carousel_item image=\u00bbhttps:\/\/www.pyser.es\/informatica\/wp-content\/uploads\/2025\/09\/Logo-Bernardo.jpg\u00bb _builder_version=\u00bb4.22.1&#8243; _module_preset=\u00bbdefault\u00bb global_colors_info=\u00bb{}\u00bb][\/dipl_image_card_carousel_item][dipl_image_card_carousel_item image=\u00bbhttps:\/\/www.pyser.es\/informatica\/wp-content\/uploads\/2025\/09\/glam.jpg\u00bb _builder_version=\u00bb4.22.1&#8243; _module_preset=\u00bbdefault\u00bb hover_enabled=\u00bb0&#8243; global_colors_info=\u00bb{}\u00bb sticky_enabled=\u00bb0&#8243;][\/dipl_image_card_carousel_item][dipl_image_card_carousel_item image=\u00bbhttps:\/\/www.pyser.es\/informatica\/wp-content\/uploads\/2025\/09\/buvac.jpg\u00bb _builder_version=\u00bb4.22.1&#8243; _module_preset=\u00bbdefault\u00bb global_colors_info=\u00bb{}\u00bb][\/dipl_image_card_carousel_item][dipl_image_card_carousel_item image=\u00bbhttps:\/\/www.pyser.es\/informatica\/wp-content\/uploads\/2025\/09\/logo-aroche.png\u00bb _builder_version=\u00bb4.22.1&#8243; _module_preset=\u00bbdefault\u00bb global_colors_info=\u00bb{}\u00bb][\/dipl_image_card_carousel_item][dipl_image_card_carousel_item image=\u00bbhttps:\/\/www.pyser.es\/informatica\/wp-content\/uploads\/2025\/09\/karnivora.jpg\u00bb _builder_version=\u00bb4.22.1&#8243; _module_preset=\u00bbdefault\u00bb global_colors_info=\u00bb{}\u00bb][\/dipl_image_card_carousel_item][dipl_image_card_carousel_item image=\u00bbhttps:\/\/www.pyser.es\/informatica\/wp-content\/uploads\/2025\/09\/south-park-logo.jpg\u00bb _builder_version=\u00bb4.22.1&#8243; _module_preset=\u00bbdefault\u00bb global_colors_info=\u00bb{}\u00bb][\/dipl_image_card_carousel_item][dipl_image_card_carousel_item image=\u00bbhttps:\/\/www.pyser.es\/informatica\/wp-content\/uploads\/2025\/09\/logo-imo.jpg\u00bb _builder_version=\u00bb4.22.1&#8243; _module_preset=\u00bbdefault\u00bb hover_enabled=\u00bb0&#8243; global_colors_info=\u00bb{}\u00bb sticky_enabled=\u00bb0&#8243;][\/dipl_image_card_carousel_item][dipl_image_card_carousel_item _builder_version=\u00bb4.22.1&#8243; _module_preset=\u00bbdefault\u00bb title_text=\u00bblogo rotudima\u00bb image=\u00bbhttps:\/\/www.pyser.es\/informatica\/wp-content\/uploads\/2025\/09\/logo-rotudima.jpg\u00bb hover_enabled=\u00bb0&#8243; sticky_enabled=\u00bb0&#8243;][\/dipl_image_card_carousel_item][\/dipl_image_card_carousel][\/et_pb_column][\/et_pb_row][\/et_pb_section]<\/p>\n","protected":false},"excerpt":{"rendered":"<p><div class=\"et_pb_module dipl_flipbox dipl_flipbox_0 et_clickable\">\n\t\t\t\t\n\t\t\t\t\n\t\t\t\t\n\t\t\t\t\n\t\t\t\t\n\t\t\t\t\n\t\t\t\t<div class=\"et_pb_module_inner\">\n\t\t\t\t\t<div class=\"dipl_flipbox_wrapper layout1\" flip-direction=\"top\">\n\t\t\t\t\t\t<div class=\"flipbox_side flipbox_front flipbox_position_top flipbox_content_center\">\n\t\t\t\t\t\t\t<div class=\"flipbox_inner\"><div class=\"et_pb_main_flipbox_image\"><img decoding=\"async\" src=\"https:\/\/www.pyser.es\/informatica\/wp-content\/uploads\/2025\/08\/tpv_sevilla.gif\" alt=\"\"\/><\/div><div class=\"flipbox_front_content_wrapper\"><div class=\"et_pb_flipbox_heading\"><h2 class=\"et_pb_module_header\">Sistemas TPV<\/h2><\/div><\/div>\n\t\t\t\t\t\t\t<\/div>\n\t\t\t\t\t\t<\/div>\n\t\t\t\t\t\t<div class=\"flipbox_side flipbox_back flipbox_position_top flipbox_content_center\">\n\t\t\t\t\t\t\t<div class=\"flipbox_inner\"><div class=\"flipbox_back_content_wrapper\"><div class=\"et_pb_flipbox_description\">En Pyser Inform\u00e1tica somos especialistas en la implementaci\u00f3n de sistemas TPV (Terminal Punto de Venta) dise\u00f1ados espec\u00edficamente para el sector de la hosteler\u00eda y el comercio<\/div><div class=\"et_pb_flipbox_button_back\"><div class=\"et_pb_button_wrapper\"><a class=\"et_pb_button\" href=\"\">M\u00e1s Informaci\u00f3n<\/a><\/div><\/div><\/div>\n\t\t\t\t\t\t\t<\/div>\n\t\t\t\t\t\t<\/div>\n\t\t\t\t\t<\/div>\n\t\t\t\t<\/div>\n\t\t\t<\/div><div class=\"et_pb_module dipl_flipbox dipl_flipbox_1\">\n\t\t\t\t\n\t\t\t\t\n\t\t\t\t\n\t\t\t\t\n\t\t\t\t\n\t\t\t\t\n\t\t\t\t<div class=\"et_pb_module_inner\">\n\t\t\t\t\t<div class=\"dipl_flipbox_wrapper layout1\" flip-direction=\"top\">\n\t\t\t\t\t\t<div class=\"flipbox_side flipbox_front flipbox_position_top flipbox_content_center\">\n\t\t\t\t\t\t\t<div class=\"flipbox_inner\"><div class=\"flipbox_front_content_wrapper\"><div class=\"et_pb_flipbox_heading\"><h4 class=\"et_pb_module_header\">\u00bbReparaci\u00f3n<\/h4><\/div><\/div>\n\t\t\t\t\t\t\t<\/div>\n\t\t\t\t\t\t<\/div>\n\t\t\t\t\t\t<div class=\"flipbox_side flipbox_back flipbox_position_top flipbox_content_center\">\n\t\t\t\t\t\t\t<div class=\"flipbox_inner\"><div class=\"flipbox_back_content_wrapper\"><\/div>\n\t\t\t\t\t\t\t<\/div>\n\t\t\t\t\t\t<\/div>\n\t\t\t\t\t<\/div>\n\t\t\t\t<\/div>\n\t\t\t<\/div><\/p>\n","protected":false},"author":2,"featured_media":0,"parent":0,"menu_order":0,"comment_status":"closed","ping_status":"closed","template":"","meta":{"_et_pb_use_builder":"on","_et_pb_old_content":"","_et_gb_content_width":"","footnotes":""},"class_list":["post-681","page","type-page","status-publish","hentry"],"_links":{"self":[{"href":"https:\/\/www.pyser.es\/informatica\/wp-json\/wp\/v2\/pages\/681","targetHints":{"allow":["GET"]}}],"collection":[{"href":"https:\/\/www.pyser.es\/informatica\/wp-json\/wp\/v2\/pages"}],"about":[{"href":"https:\/\/www.pyser.es\/informatica\/wp-json\/wp\/v2\/types\/page"}],"author":[{"embeddable":true,"href":"https:\/\/www.pyser.es\/informatica\/wp-json\/wp\/v2\/users\/2"}],"replies":[{"embeddable":true,"href":"https:\/\/www.pyser.es\/informatica\/wp-json\/wp\/v2\/comments?post=681"}],"version-history":[{"count":54,"href":"https:\/\/www.pyser.es\/informatica\/wp-json\/wp\/v2\/pages\/681\/revisions"}],"predecessor-version":[{"id":1314,"href":"https:\/\/www.pyser.es\/informatica\/wp-json\/wp\/v2\/pages\/681\/revisions\/1314"}],"wp:attachment":[{"href":"https:\/\/www.pyser.es\/informatica\/wp-json\/wp\/v2\/media?parent=681"}],"curies":[{"name":"wp","href":"https:\/\/api.w.org\/{rel}","templated":true}]}}