{"id":1227,"date":"2025-08-25T09:28:34","date_gmt":"2025-08-25T07:28:34","guid":{"rendered":"https:\/\/www.pyser.es\/informatica\/?page_id=1227"},"modified":"2025-08-25T09:35:39","modified_gmt":"2025-08-25T07:35:39","slug":"control-horario","status":"publish","type":"page","link":"https:\/\/www.pyser.es\/informatica\/control-horario\/","title":{"rendered":"Control Horario"},"content":{"rendered":"<p>[et_pb_section fb_built=\u00bb1&#8243; _builder_version=\u00bb4.22.1&#8243; _module_preset=\u00bbdefault\u00bb background_color=\u00bbrgba(1,140,209,0.3)\u00bb background_enable_mask_style=\u00bbon\u00bb background_mask_style=\u00bbwave\u00bb background_mask_transform=\u00bbflip_vertical|flip_horizontal\u00bb global_colors_info=\u00bb{}\u00bb][et_pb_row column_structure=\u00bb1_2,1_2&#8243; _builder_version=\u00bb4.21.0&#8243; _module_preset=\u00bbdefault\u00bb width=\u00bb90%\u00bb max_width=\u00bb1200px\u00bb custom_margin=\u00bb|auto|4px|auto||\u00bb global_colors_info=\u00bb{}\u00bb][et_pb_column type=\u00bb1_2&#8243; _builder_version=\u00bb4.22.1&#8243; _module_preset=\u00bbdefault\u00bb global_colors_info=\u00bb{}\u00bb][et_pb_text _builder_version=\u00bb4.22.1&#8243; _module_preset=\u00bbdefault\u00bb background_color=\u00bb#FFFFFF\u00bb custom_padding=\u00bb10px|10px|10px|10px|true|true\u00bb hover_enabled=\u00bb0&#8243; locked=\u00bboff\u00bb global_colors_info=\u00bb{}\u00bb sticky_enabled=\u00bb0&#8243;]<\/p>\n<p><strong>Control horario eficiente, legal y f\u00e1cil de gestionar<\/strong><\/p>\n<p>En <strong>Pyser Inform\u00e1tica<\/strong> te ofrecemos sistemas avanzados de <strong>control horario para empleados<\/strong>, adaptados a empresas, comercios, bares, restaurantes y oficinas, cumpliendo con la normativa laboral vigente y simplificando la gesti\u00f3n de tus recursos humanos.<\/p>\n<p>Nuestros sistemas te permiten registrar de forma precisa las entradas y salidas del personal, gestionar horarios, controlar ausencias y generar informes de forma automatizada.<\/p>\n<p>[\/et_pb_text][et_pb_accordion open_toggle_text_color=\u00bb#062951&#8243; toggle_icon=\u00bb&#x52;||divi||400&#8243; icon_color=\u00bb#0C71C3&#8243; use_icon_font_size=\u00bbon\u00bb _builder_version=\u00bb4.22.1&#8243; _module_preset=\u00bbdefault\u00bb toggle_text_color=\u00bb#0C71C3&#8243; toggle_level=\u00bbh3&#8243; toggle_text_shadow_style=\u00bbpreset1&#8243; global_colors_info=\u00bb{}\u00bb][et_pb_accordion_item title=\u00bbFunciones del sistema de control horario\u00bb _builder_version=\u00bb4.22.1&#8243; _module_preset=\u00bbdefault\u00bb global_colors_info=\u00bb{}\u00bb open=\u00bbon\u00bb]<\/p>\n<ul>\n<li>Registro de <strong>entrada y salida<\/strong> mediante PIN, huella dactilar, tarjetas RFID o reconocimiento facial<\/li>\n<li>Posibilidad de fichaje desde <strong>dispositivos m\u00f3viles o web<\/strong><\/li>\n<li>Gesti\u00f3n de turnos, descansos, vacaciones y ausencias<\/li>\n<li>Informes autom\u00e1ticos exportables en Excel o PDF<\/li>\n<li><strong>Cumplimiento legal<\/strong> seg\u00fan la normativa de control horario laboral<\/li>\n<\/ul>\n<p>[\/et_pb_accordion_item][et_pb_accordion_item title=\u00bbBeneficios clave para tu negocio\u00bb open=\u00bboff\u00bb _builder_version=\u00bb4.22.1&#8243; _module_preset=\u00bbdefault\u00bb global_colors_info=\u00bb{}\u00bb]<\/p>\n<ul>\n<li>Evita sanciones legales por incumplimiento del registro horario<\/li>\n<li>Mejora el control de presencia y productividad<\/li>\n<li>Simplifica la gesti\u00f3n de recursos humanos<\/li>\n<li>Aporta transparencia y confianza al equipo<\/li>\n<li>Compatible con <strong>negocios peque\u00f1os y grandes estructuras<\/strong><\/li>\n<\/ul>\n<p>[\/et_pb_accordion_item][\/et_pb_accordion][\/et_pb_column][et_pb_column type=\u00bb1_2&#8243; _builder_version=\u00bb4.21.0&#8243; _module_preset=\u00bbdefault\u00bb global_colors_info=\u00bb{}\u00bb][et_pb_image src=\u00bbhttps:\/\/www.pyser.es\/informatica\/wp-content\/uploads\/2025\/08\/contro_horario_empresas.gif\u00bb title_text=\u00bbcontro_horario_empresas\u00bb _builder_version=\u00bb4.22.1&#8243; _module_preset=\u00bbdefault\u00bb hover_enabled=\u00bb0&#8243; border_radii=\u00bbon|20px|20px|20px|20px\u00bb global_colors_info=\u00bb{}\u00bb sticky_enabled=\u00bb0&#8243;][\/et_pb_image][\/et_pb_column][\/et_pb_row][et_pb_row _builder_version=\u00bb4.22.1&#8243; _module_preset=\u00bbdefault\u00bb width=\u00bb90%\u00bb max_width=\u00bb1200px\u00bb global_colors_info=\u00bb{}\u00bb][et_pb_column type=\u00bb4_4&#8243; _builder_version=\u00bb4.21.0&#8243; _module_preset=\u00bbdefault\u00bb global_colors_info=\u00bb{}\u00bb][et_pb_text _builder_version=\u00bb4.22.1&#8243; _module_preset=\u00bbdefault\u00bb global_colors_info=\u00bb{}\u00bb]<\/p>\n<p>En <strong>Pyser Inform\u00e1tica<\/strong>, nos encargamos de la <strong>instalaci\u00f3n, configuraci\u00f3n y formaci\u00f3n<\/strong>, para que integres tu caj\u00f3n inteligente con tu sistema TPV y empieces a ahorrar tiempo y dinero desde el primer d\u00eda.<\/p>\n<p><strong>Optimiza tu caja. Protege tu negocio. Automatiza tu gesti\u00f3n.<\/strong><\/p>\n<p>[\/et_pb_text][\/et_pb_column][\/et_pb_row][\/et_pb_section][et_pb_section fb_built=\u00bb1&#8243; _builder_version=\u00bb4.22.1&#8243; _module_preset=\u00bbdefault\u00bb background_enable_mask_style=\u00bbon\u00bb background_mask_style=\u00bbwave\u00bb background_mask_color=\u00bbrgba(1,140,209,0.3)\u00bb background_mask_transform=\u00bbinvert|flip_vertical\u00bb display_conditions=\u00bbW3siaWQiOiI1ZmQyN2JjZi1mYWIxLTRhMmMtOGI2Ny0yMzUxOThkMzk0ZWEiLCJjb25kaXRpb24iOiJkYXRlQXJjaGl2ZSIsImNvbmRpdGlvblNldHRpbmdzIjp7ImRpc3BsYXlSdWxlIjoiaXNBZnRlciIsImRhdGVBcmNoaXZlIjoiMjAyNS0wNC0wMSIsImFkbWluTGFiZWwiOiJBcmNoaXZvIGRlIGZlY2hhcyIsImVuYWJsZUNvbmRpdGlvbiI6Im9uIn0sIm9wZXJhdG9yIjoiT1IifV0=\u00bb custom_padding=\u00bb50px||11px|||\u00bb global_colors_info=\u00bb{}\u00bb][et_pb_row column_structure=\u00bb1_4,3_4&#8243; _builder_version=\u00bb4.21.0&#8243; _module_preset=\u00bbdefault\u00bb width=\u00bb90%\u00bb max_width=\u00bb100%\u00bb module_alignment=\u00bbcenter\u00bb global_colors_info=\u00bb{}\u00bb][et_pb_column type=\u00bb1_4&#8243; _builder_version=\u00bb4.21.0&#8243; _module_preset=\u00bbdefault\u00bb global_colors_info=\u00bb{}\u00bb][et_pb_text _builder_version=\u00bb4.22.1&#8243; _module_preset=\u00bbdefault\u00bb text_font_size=\u00bb16px\u00bb text_line_height=\u00bb2em\u00bb global_colors_info=\u00bb{}\u00bb]<\/p>\n<h3><span style=\"color: #062951;\"><strong>ADECUACI\u00d3N DE NAVES<\/strong><\/span><\/h3>\n<p>Conozca algunos proyectos ejecutados, construcci\u00f3n, adecuaci\u00f3n de naves.<\/p>\n<p>[\/et_pb_text][\/et_pb_column][et_pb_column type=\u00bb3_4&#8243; _builder_version=\u00bb4.21.0&#8243; _module_preset=\u00bbdefault\u00bb global_colors_info=\u00bb{}\u00bb][dipl_blog_slider slider_layout=\u00bblayout2&#8243; posts_number=\u00bb3&#8243; show_content=\u00bbon\u00bb show_author=\u00bboff\u00bb show_date=\u00bboff\u00bb show_comments=\u00bboff\u00bb post_content_wrapper_background_color=\u00bbrgba(6,41,81,0.6)\u00bb slider_loop=\u00bbon\u00bb post_per_slide_tablet=\u00bb2&#8243; post_per_slide_phone=\u00bb1&#8243; _builder_version=\u00bb4.22.1&#8243; _module_preset=\u00bbdefault\u00bb title_text_color=\u00bb#FFFFFF\u00bb body_text_color=\u00bb#FFFFFF\u00bb height=\u00bb500px\u00bb box_shadow_style_single_post=\u00bbpreset2&#8243; global_colors_info=\u00bb{}\u00bb][\/dipl_blog_slider][\/et_pb_column][\/et_pb_row][\/et_pb_section]<\/p>\n","protected":false},"excerpt":{"rendered":"<p>Control horario eficiente, legal y f\u00e1cil de gestionar En Pyser Inform\u00e1tica te ofrecemos sistemas avanzados de control horario para empleados, adaptados a empresas, comercios, bares, restaurantes y oficinas, cumpliendo con la normativa laboral vigente y simplificando la gesti\u00f3n de tus recursos humanos. Nuestros sistemas te permiten registrar de forma precisa las entradas y salidas del [&hellip;]<\/p>\n","protected":false},"author":2,"featured_media":1230,"parent":0,"menu_order":0,"comment_status":"closed","ping_status":"closed","template":"","meta":{"_et_pb_use_builder":"on","_et_pb_old_content":"","_et_gb_content_width":"","footnotes":""},"class_list":["post-1227","page","type-page","status-publish","has-post-thumbnail","hentry"],"_links":{"self":[{"href":"https:\/\/www.pyser.es\/informatica\/wp-json\/wp\/v2\/pages\/1227","targetHints":{"allow":["GET"]}}],"collection":[{"href":"https:\/\/www.pyser.es\/informatica\/wp-json\/wp\/v2\/pages"}],"about":[{"href":"https:\/\/www.pyser.es\/informatica\/wp-json\/wp\/v2\/types\/page"}],"author":[{"embeddable":true,"href":"https:\/\/www.pyser.es\/informatica\/wp-json\/wp\/v2\/users\/2"}],"replies":[{"embeddable":true,"href":"https:\/\/www.pyser.es\/informatica\/wp-json\/wp\/v2\/comments?post=1227"}],"version-history":[{"count":5,"href":"https:\/\/www.pyser.es\/informatica\/wp-json\/wp\/v2\/pages\/1227\/revisions"}],"predecessor-version":[{"id":1235,"href":"https:\/\/www.pyser.es\/informatica\/wp-json\/wp\/v2\/pages\/1227\/revisions\/1235"}],"wp:featuredmedia":[{"embeddable":true,"href":"https:\/\/www.pyser.es\/informatica\/wp-json\/wp\/v2\/media\/1230"}],"wp:attachment":[{"href":"https:\/\/www.pyser.es\/informatica\/wp-json\/wp\/v2\/media?parent=1227"}],"curies":[{"name":"wp","href":"https:\/\/api.w.org\/{rel}","templated":true}]}}