{"id":1206,"date":"2025-08-24T15:38:48","date_gmt":"2025-08-24T13:38:48","guid":{"rendered":"https:\/\/www.pyser.es\/informatica\/?page_id=1206"},"modified":"2025-08-25T20:50:39","modified_gmt":"2025-08-25T18:50:39","slug":"disenos-y-mantenimiento-web","status":"publish","type":"page","link":"https:\/\/www.pyser.es\/informatica\/disenos-y-mantenimiento-web\/","title":{"rendered":"Dise\u00f1os y Mantenimiento Web"},"content":{"rendered":"<p>[et_pb_section fb_built=\u00bb1&#8243; _builder_version=\u00bb4.22.1&#8243; _module_preset=\u00bbdefault\u00bb background_color=\u00bbrgba(1,140,209,0.3)\u00bb background_enable_mask_style=\u00bbon\u00bb background_mask_style=\u00bbwave\u00bb background_mask_transform=\u00bbflip_vertical|flip_horizontal\u00bb global_colors_info=\u00bb{}\u00bb][et_pb_row column_structure=\u00bb1_2,1_2&#8243; _builder_version=\u00bb4.21.0&#8243; _module_preset=\u00bbdefault\u00bb width=\u00bb90%\u00bb max_width=\u00bb1200px\u00bb custom_margin=\u00bb|auto|4px|auto||\u00bb global_colors_info=\u00bb{}\u00bb][et_pb_column type=\u00bb1_2&#8243; _builder_version=\u00bb4.22.1&#8243; _module_preset=\u00bbdefault\u00bb global_colors_info=\u00bb{}\u00bb][et_pb_text _builder_version=\u00bb4.22.1&#8243; _module_preset=\u00bbdefault\u00bb background_color=\u00bb#FFFFFF\u00bb custom_padding=\u00bb10px|10px|10px|10px|true|true\u00bb locked=\u00bboff\u00bb global_colors_info=\u00bb{}\u00bb]<\/p>\n<p><strong>Tu presencia online, bien dise\u00f1ada y siempre actualizada<\/strong><\/p>\n<p>En <strong>Pyser Inform\u00e1tica<\/strong> ayudamos a tu negocio a estar visible y activo en internet, con servicios de <strong>dise\u00f1o, desarrollo y mantenimiento de p\u00e1ginas web<\/strong> totalmente adaptados a tus necesidades.<\/p>\n<p>Ya sea que necesites una <strong>p\u00e1gina corporativa, un cat\u00e1logo de productos, una web de reservas para hosteler\u00eda o una tienda online<\/strong>, te ofrecemos una soluci\u00f3n funcional, atractiva y optimizada.<\/p>\n<p>[\/et_pb_text][et_pb_accordion open_toggle_text_color=\u00bb#062951&#8243; toggle_icon=\u00bb&#x52;||divi||400&#8243; icon_color=\u00bb#0C71C3&#8243; use_icon_font_size=\u00bbon\u00bb _builder_version=\u00bb4.22.1&#8243; _module_preset=\u00bbdefault\u00bb toggle_text_color=\u00bb#0C71C3&#8243; toggle_level=\u00bbh3&#8243; toggle_text_shadow_style=\u00bbpreset1&#8243; global_colors_info=\u00bb{}\u00bb][et_pb_accordion_item title=\u00bbDise\u00f1o web personalizado\u00bb open=\u00bbon\u00bb _builder_version=\u00bb4.22.1&#8243; _module_preset=\u00bbdefault\u00bb global_colors_info=\u00bb{}\u00bb]<\/p>\n<ul>\n<li>Webs modernas, intuitivas y adaptadas a m\u00f3viles (responsive)<\/li>\n<li>Dise\u00f1o visual alineado con tu imagen de marca<\/li>\n<li>Integraci\u00f3n con redes sociales, formularios y mapas<\/li>\n<li>Sitios optimizados para velocidad y experiencia de usuario (UX)<\/li>\n<\/ul>\n<p>[\/et_pb_accordion_item][et_pb_accordion_item title=\u00bbMantenimiento y soporte t\u00e9cnico web\u00bb _builder_version=\u00bb4.22.1&#8243; _module_preset=\u00bbdefault\u00bb global_colors_info=\u00bb{}\u00bb open=\u00bboff\u00bb]<\/p>\n<ul>\n<li>Actualizaci\u00f3n de contenidos, im\u00e1genes y productos<\/li>\n<li>Instalaci\u00f3n de nuevas funcionalidades y plugins<\/li>\n<li>Actualizaci\u00f3n de CMS (WordPress, Joomla, etc.) y plantillas<\/li>\n<li>Copias de seguridad peri\u00f3dicas y restauraci\u00f3n ante errores<\/li>\n<li>Protecci\u00f3n frente a ataques o vulnerabilidades<\/li>\n<li>Monitorizaci\u00f3n del estado del sitio y rendimiento<\/li>\n<\/ul>\n<p>[\/et_pb_accordion_item][et_pb_accordion_item title=\u00bbSEO b\u00e1sico y posicionamiento\u00bb _builder_version=\u00bb4.22.1&#8243; _module_preset=\u00bbdefault\u00bb global_colors_info=\u00bb{}\u00bb open=\u00bboff\u00bb]<\/p>\n<ul>\n<li>Configuraci\u00f3n de t\u00edtulos, descripciones y palabras clave<\/li>\n<li>Optimizaci\u00f3n para motores de b\u00fasqueda (Google, Bing)<\/li>\n<li>Alta en buscadores y herramientas de anal\u00edtica (Google Analytics<\/li>\n<\/ul>\n<p>[\/et_pb_accordion_item][\/et_pb_accordion][\/et_pb_column][et_pb_column type=\u00bb1_2&#8243; _builder_version=\u00bb4.21.0&#8243; _module_preset=\u00bbdefault\u00bb global_colors_info=\u00bb{}\u00bb][et_pb_image src=\u00bbhttps:\/\/www.pyser.es\/informatica\/wp-content\/uploads\/2025\/08\/web_creacion.gif\u00bb title_text=\u00bbweb_creacion\u00bb _builder_version=\u00bb4.22.1&#8243; _module_preset=\u00bbdefault\u00bb border_radii=\u00bbon|20px|20px|20px|20px\u00bb global_colors_info=\u00bb{}\u00bb][\/et_pb_image][\/et_pb_column][\/et_pb_row][et_pb_row _builder_version=\u00bb4.22.1&#8243; _module_preset=\u00bbdefault\u00bb width=\u00bb90%\u00bb max_width=\u00bb1200px\u00bb global_colors_info=\u00bb{}\u00bb][et_pb_column type=\u00bb4_4&#8243; _builder_version=\u00bb4.21.0&#8243; _module_preset=\u00bbdefault\u00bb global_colors_info=\u00bb{}\u00bb][et_pb_text _builder_version=\u00bb4.22.1&#8243; _module_preset=\u00bbdefault\u00bb global_colors_info=\u00bb{}\u00bb]<\/p>\n<p>Ya sea que empieces desde cero o quieras mejorar tu web actual, en <strong>Pyser Inform\u00e1tica<\/strong> te ofrecemos una soluci\u00f3n web <strong>profesional, segura y eficiente<\/strong>, que evoluciona contigo y tu negocio.<\/p>\n<p><strong>Dise\u00f1amos, cuidamos y potenciamos tu presencia online.<\/strong><\/p>\n<p>[\/et_pb_text][\/et_pb_column][\/et_pb_row][\/et_pb_section][et_pb_section fb_built=\u00bb1&#8243; _builder_version=\u00bb4.22.1&#8243; _module_preset=\u00bbdefault\u00bb background_enable_mask_style=\u00bbon\u00bb background_mask_style=\u00bbwave\u00bb background_mask_color=\u00bbrgba(1,140,209,0.3)\u00bb background_mask_transform=\u00bbinvert|flip_vertical\u00bb display_conditions=\u00bbW3siaWQiOiI1ZmQyN2JjZi1mYWIxLTRhMmMtOGI2Ny0yMzUxOThkMzk0ZWEiLCJjb25kaXRpb24iOiJkYXRlQXJjaGl2ZSIsImNvbmRpdGlvblNldHRpbmdzIjp7ImRpc3BsYXlSdWxlIjoiaXNBZnRlciIsImRhdGVBcmNoaXZlIjoiMjAyNS0wNC0wMSIsImFkbWluTGFiZWwiOiJBcmNoaXZvIGRlIGZlY2hhcyIsImVuYWJsZUNvbmRpdGlvbiI6Im9uIn0sIm9wZXJhdG9yIjoiT1IifV0=\u00bb custom_padding=\u00bb50px||11px|||\u00bb global_colors_info=\u00bb{}\u00bb][et_pb_row column_structure=\u00bb1_4,3_4&#8243; _builder_version=\u00bb4.21.0&#8243; _module_preset=\u00bbdefault\u00bb width=\u00bb90%\u00bb max_width=\u00bb100%\u00bb module_alignment=\u00bbcenter\u00bb global_colors_info=\u00bb{}\u00bb][et_pb_column type=\u00bb1_4&#8243; _builder_version=\u00bb4.21.0&#8243; _module_preset=\u00bbdefault\u00bb global_colors_info=\u00bb{}\u00bb][et_pb_text _builder_version=\u00bb4.22.1&#8243; _module_preset=\u00bbdefault\u00bb text_font_size=\u00bb16px\u00bb text_line_height=\u00bb2em\u00bb global_colors_info=\u00bb{}\u00bb]<\/p>\n<h3><span style=\"color: #062951;\"><strong>ADECUACI\u00d3N DE NAVES<\/strong><\/span><\/h3>\n<p>Conozca algunos proyectos ejecutados, construcci\u00f3n, adecuaci\u00f3n de naves.<\/p>\n<p>[\/et_pb_text][\/et_pb_column][et_pb_column type=\u00bb3_4&#8243; _builder_version=\u00bb4.21.0&#8243; _module_preset=\u00bbdefault\u00bb global_colors_info=\u00bb{}\u00bb][dipl_blog_slider slider_layout=\u00bblayout2&#8243; posts_number=\u00bb3&#8243; show_content=\u00bbon\u00bb show_author=\u00bboff\u00bb show_date=\u00bboff\u00bb show_comments=\u00bboff\u00bb post_content_wrapper_background_color=\u00bbrgba(6,41,81,0.6)\u00bb slider_loop=\u00bbon\u00bb post_per_slide_tablet=\u00bb2&#8243; post_per_slide_phone=\u00bb1&#8243; _builder_version=\u00bb4.22.1&#8243; _module_preset=\u00bbdefault\u00bb title_text_color=\u00bb#FFFFFF\u00bb body_text_color=\u00bb#FFFFFF\u00bb height=\u00bb500px\u00bb box_shadow_style_single_post=\u00bbpreset2&#8243; global_colors_info=\u00bb{}\u00bb][\/dipl_blog_slider][\/et_pb_column][\/et_pb_row][\/et_pb_section]<\/p>\n","protected":false},"excerpt":{"rendered":"<p>Tu presencia online, bien dise\u00f1ada y siempre actualizada En Pyser Inform\u00e1tica ayudamos a tu negocio a estar visible y activo en internet, con servicios de dise\u00f1o, desarrollo y mantenimiento de p\u00e1ginas web totalmente adaptados a tus necesidades. Ya sea que necesites una p\u00e1gina corporativa, un cat\u00e1logo de productos, una web de reservas para hosteler\u00eda o [&hellip;]<\/p>\n","protected":false},"author":2,"featured_media":1208,"parent":0,"menu_order":0,"comment_status":"closed","ping_status":"closed","template":"","meta":{"_et_pb_use_builder":"on","_et_pb_old_content":"","_et_gb_content_width":"","footnotes":""},"class_list":["post-1206","page","type-page","status-publish","has-post-thumbnail","hentry"],"_links":{"self":[{"href":"https:\/\/www.pyser.es\/informatica\/wp-json\/wp\/v2\/pages\/1206","targetHints":{"allow":["GET"]}}],"collection":[{"href":"https:\/\/www.pyser.es\/informatica\/wp-json\/wp\/v2\/pages"}],"about":[{"href":"https:\/\/www.pyser.es\/informatica\/wp-json\/wp\/v2\/types\/page"}],"author":[{"embeddable":true,"href":"https:\/\/www.pyser.es\/informatica\/wp-json\/wp\/v2\/users\/2"}],"replies":[{"embeddable":true,"href":"https:\/\/www.pyser.es\/informatica\/wp-json\/wp\/v2\/comments?post=1206"}],"version-history":[{"count":6,"href":"https:\/\/www.pyser.es\/informatica\/wp-json\/wp\/v2\/pages\/1206\/revisions"}],"predecessor-version":[{"id":1244,"href":"https:\/\/www.pyser.es\/informatica\/wp-json\/wp\/v2\/pages\/1206\/revisions\/1244"}],"wp:featuredmedia":[{"embeddable":true,"href":"https:\/\/www.pyser.es\/informatica\/wp-json\/wp\/v2\/media\/1208"}],"wp:attachment":[{"href":"https:\/\/www.pyser.es\/informatica\/wp-json\/wp\/v2\/media?parent=1206"}],"curies":[{"name":"wp","href":"https:\/\/api.w.org\/{rel}","templated":true}]}}