{"id":1145,"date":"2025-08-22T15:19:43","date_gmt":"2025-08-22T13:19:43","guid":{"rendered":"https:\/\/www.pyser.es\/informatica\/?page_id=1145"},"modified":"2025-08-25T10:32:00","modified_gmt":"2025-08-25T08:32:00","slug":"sistemas-tpv","status":"publish","type":"page","link":"https:\/\/www.pyser.es\/informatica\/sistemas-tpv\/","title":{"rendered":"Sistemas TPV"},"content":{"rendered":"<p>[et_pb_section fb_built=\u00bb1&#8243; _builder_version=\u00bb4.22.1&#8243; _module_preset=\u00bbdefault\u00bb background_color=\u00bbrgba(1,140,209,0.3)\u00bb background_enable_mask_style=\u00bbon\u00bb background_mask_style=\u00bbwave\u00bb background_mask_transform=\u00bbflip_vertical|flip_horizontal\u00bb global_colors_info=\u00bb{}\u00bb][et_pb_row column_structure=\u00bb1_2,1_2&#8243; _builder_version=\u00bb4.21.0&#8243; _module_preset=\u00bbdefault\u00bb width=\u00bb90%\u00bb max_width=\u00bb1200px\u00bb custom_margin=\u00bb|auto|4px|auto||\u00bb global_colors_info=\u00bb{}\u00bb][et_pb_column type=\u00bb1_2&#8243; _builder_version=\u00bb4.22.1&#8243; _module_preset=\u00bbdefault\u00bb global_colors_info=\u00bb{}\u00bb][et_pb_accordion open_toggle_text_color=\u00bb#062951&#8243; toggle_icon=\u00bb&#x52;||divi||400&#8243; icon_color=\u00bb#0C71C3&#8243; use_icon_font_size=\u00bbon\u00bb _builder_version=\u00bb4.22.1&#8243; _module_preset=\u00bbdefault\u00bb toggle_text_color=\u00bb#0C71C3&#8243; toggle_level=\u00bbh3&#8243; toggle_text_shadow_style=\u00bbpreset1&#8243; global_colors_info=\u00bb{}\u00bb][et_pb_accordion_item title=\u00bbSistemas TPV: la tecnolog\u00eda que impulsa              tu negocio\u00bb open=\u00bbon\u00bb _builder_version=\u00bb4.22.1&#8243; _module_preset=\u00bbdefault\u00bb global_colors_info=\u00bb{}\u00bb]<\/p>\n<p>Obrasur adapta y modifica un espacio o nave industrial para satisfacer necesidades En <strong>Pyser Inform\u00e1tica<\/strong> somos especialistas en la implementaci\u00f3n de <strong>sistemas TPV (Terminal Punto de Venta)<\/strong> dise\u00f1ados espec\u00edficamente para el sector de la <strong>hosteler\u00eda y el comercio<\/strong>. Nuestros sistemas permiten una gesti\u00f3n r\u00e1pida, eficiente y profesional de tu negocio, adapt\u00e1ndose a las necesidades espec\u00edficas de bares, restaurantes, pubs, discotecas y tiendas.<\/p>\n<p>Contamos con soluciones <strong>modulares y escalables<\/strong> que pueden incluir:<\/p>\n<p>[\/et_pb_accordion_item][et_pb_accordion_item title=\u00bbTPV principal con pantalla t\u00e1ctil\u00bb _builder_version=\u00bb4.22.1&#8243; _module_preset=\u00bbdefault\u00bb global_colors_info=\u00bb{}\u00bb open=\u00bboff\u00bb]<\/p>\n<p><span>Antes de comenzar cualquier proyecto de adecuaci\u00f3n de nave, es esencial realizar una planificaci\u00f3n adecuada. <\/p>\n<p>Esto incluye definir claramente los objetivos del proyecto, elaborar un presupuesto, crear un dise\u00f1o que se adapte a las necesidades espec\u00edficas y obtener los permisos necesarios.<\/span><\/p>\n<p>[\/et_pb_accordion_item][et_pb_accordion_item title=\u00bbPDAs para camareros\u00bb _builder_version=\u00bb4.22.1&#8243; _module_preset=\u00bbdefault\u00bb global_colors_info=\u00bb{}\u00bb open=\u00bboff\u00bb]<\/p>\n<p><span>Nos aseguramos\u00a0 de cumplir con todas las regulaciones y legislaci\u00f3n de construcci\u00f3n locales y auton\u00f3micas. En ello, incluimos requisitos de seguridad, accesibilidad, zonificaci\u00f3n, protecci\u00f3n contra incendios y m\u00e1s.<\/span><\/p>\n<p>[\/et_pb_accordion_item][et_pb_accordion_item title=\u00bbImpresoras de tickets\u00bb _builder_version=\u00bb4.22.1&#8243; _module_preset=\u00bbdefault\u00bb global_colors_info=\u00bb{}\u00bb open=\u00bboff\u00bb]<\/p>\n<p><span>Evaluamos y actualizamos la infraestructura de la nave seg\u00fan sea necesario. Esto incluye sistemas el\u00e9ctricos, sistemas de fontaner\u00eda, sistemas HVAC (calefacci\u00f3n, ventilaci\u00f3n y aire acondicionado), sistemas de seguridad y sistemas de comunicaci\u00f3n.<\/span><\/p>\n<p>[\/et_pb_accordion_item][et_pb_accordion_item title=\u00bbKioskos de autopedido\u00bb _builder_version=\u00bb4.22.1&#8243; _module_preset=\u00bbdefault\u00bb global_colors_info=\u00bb{}\u00bb open=\u00bboff\u00bb]<\/p>\n<p><span>Dise\u00f1amos el espacio de trabajo de manera eficiente para el tipo de actividad industrial que se llevar\u00e1 a cabo en la nave. <\/p>\n<p>Llevamos a cabo la instalaci\u00f3n de equipos espec\u00edficos, la creaci\u00f3n de \u00e1reas de almacenamiento, la disposici\u00f3n de \u00e1reas de trabajo y la implementaci\u00f3n de sistemas de flujo de trabajo eficientes<\/span><\/p>\n<p>[\/et_pb_accordion_item][et_pb_accordion_item title=\u00bbCajones inteligentes\u00bb _builder_version=\u00bb4.22.1&#8243; _module_preset=\u00bbdefault\u00bb global_colors_info=\u00bb{}\u00bb open=\u00bboff\u00bb]<\/p>\n<p><span>Consideramos la implementaci\u00f3n de pr\u00e1cticas sostenibles en la adecuaci\u00f3n de la nave, como la instalaci\u00f3n de sistemas de energ\u00eda renovable, la mejora de la eficiencia energ\u00e9tica y la gesti\u00f3n adecuada de residuos.<\/span><\/p>\n<p>&nbsp;<\/p>\n<p>[\/et_pb_accordion_item][et_pb_accordion_item title=\u00bbPago por suscripci\u00f3n\u00bb _builder_version=\u00bb4.21.0&#8243; _module_preset=\u00bbdefault\u00bb global_colors_info=\u00bb{}\u00bb open=\u00bboff\u00bb]<\/p>\n<p><span>La seguridad es fundamental en cualquier espacio industrial. <\/span><\/p>\n<p><span>Obrasur se asegura de que la nave est\u00e9 equipada con las medidas de seguridad necesarias, como extintores de incendios, sistemas de alarma y equipos de protecci\u00f3n personal.<\/span><\/p>\n<p>[\/et_pb_accordion_item][et_pb_accordion_item title=\u00bbPago \u00danico\u00bb _builder_version=\u00bb4.22.1&#8243; _module_preset=\u00bbdefault\u00bb global_colors_info=\u00bb{}\u00bb open=\u00bboff\u00bb]<\/p>\n<p><span>Mantenemos un control estricto sobre los costes durante el proceso de adecuaci\u00f3n de la nave.<\/span><\/p>\n<p>Los proyectos de construcci\u00f3n y renovaci\u00f3n pueden incrementar su coste r\u00e1pidamente si no se gestionan adecuadamente.<\/p>\n<p>[\/et_pb_accordion_item][et_pb_accordion_item title=\u00bbVentajas de nuestros sistemas TPV\u00bb _builder_version=\u00bb4.22.1&#8243; _module_preset=\u00bbdefault\u00bb global_colors_info=\u00bb{}\u00bb open=\u00bboff\u00bb]<\/p>\n<ul>\n<li>Reducci\u00f3n de tiempos de espera y errores<\/li>\n<li>Mayor control sobre ventas, productos y empleados<\/li>\n<li>Informes detallados para la toma de decisiones<\/li>\n<li>Integraci\u00f3n con sistemas contables y plataformas web<\/li>\n<li>Escalabilidad para crecer con tu negocio<\/li>\n<\/ul>\n<p>&nbsp;<\/p>\n<p>[\/et_pb_accordion_item][\/et_pb_accordion][\/et_pb_column][et_pb_column type=\u00bb1_2&#8243; _builder_version=\u00bb4.21.0&#8243; _module_preset=\u00bbdefault\u00bb global_colors_info=\u00bb{}\u00bb][et_pb_image src=\u00bbhttps:\/\/www.pyser.es\/informatica\/wp-content\/uploads\/2025\/08\/tpv_sevilla_2.gif\u00bb title_text=\u00bbtpv_sevilla_2&#8243; _builder_version=\u00bb4.22.1&#8243; _module_preset=\u00bbdefault\u00bb border_radii=\u00bbon|20px|20px|20px|20px\u00bb global_colors_info=\u00bb{}\u00bb][\/et_pb_image][\/et_pb_column][\/et_pb_row][et_pb_row _builder_version=\u00bb4.22.1&#8243; _module_preset=\u00bbdefault\u00bb width=\u00bb90%\u00bb max_width=\u00bb1200px\u00bb global_colors_info=\u00bb{}\u00bb][et_pb_column type=\u00bb4_4&#8243; _builder_version=\u00bb4.21.0&#8243; _module_preset=\u00bbdefault\u00bb global_colors_info=\u00bb{}\u00bb][et_pb_text _builder_version=\u00bb4.22.1&#8243; _module_preset=\u00bbdefault\u00bb global_colors_info=\u00bb{}\u00bb]<\/p>\n<p>Nos encargamos de <strong>la instalaci\u00f3n, configuraci\u00f3n y formaci\u00f3n<\/strong> para tu equipo, asegurando una puesta en marcha r\u00e1pida y sin complicaciones. Tambi\u00e9n ofrecemos <strong>mantenimiento t\u00e9cnico y soporte remoto o presencial<\/strong> siempre que lo necesites.<\/p>\n<p>En <strong>Pyser Inform\u00e1tica<\/strong>, te ayudamos a transformar la forma en que gestionas tu negocio, con tecnolog\u00eda fiable, moderna y totalmente adaptada a tu realidad.<\/p>\n<p>Contacte con nosotros para un presupuesto personalizado.<\/p>\n<p>[\/et_pb_text][\/et_pb_column][\/et_pb_row][\/et_pb_section][et_pb_section fb_built=\u00bb1&#8243; _builder_version=\u00bb4.22.1&#8243; _module_preset=\u00bbdefault\u00bb background_enable_mask_style=\u00bbon\u00bb background_mask_style=\u00bbwave\u00bb background_mask_color=\u00bbrgba(1,140,209,0.3)\u00bb background_mask_transform=\u00bbinvert|flip_vertical\u00bb display_conditions=\u00bbW3siaWQiOiI1ZmQyN2JjZi1mYWIxLTRhMmMtOGI2Ny0yMzUxOThkMzk0ZWEiLCJjb25kaXRpb24iOiJkYXRlQXJjaGl2ZSIsImNvbmRpdGlvblNldHRpbmdzIjp7ImRpc3BsYXlSdWxlIjoiaXNBZnRlciIsImRhdGVBcmNoaXZlIjoiMjAyNS0wNC0wMSIsImFkbWluTGFiZWwiOiJBcmNoaXZvIGRlIGZlY2hhcyIsImVuYWJsZUNvbmRpdGlvbiI6Im9uIn0sIm9wZXJhdG9yIjoiT1IifV0=\u00bb custom_padding=\u00bb50px||11px|||\u00bb global_colors_info=\u00bb{}\u00bb][et_pb_row column_structure=\u00bb1_4,3_4&#8243; _builder_version=\u00bb4.21.0&#8243; _module_preset=\u00bbdefault\u00bb width=\u00bb90%\u00bb max_width=\u00bb100%\u00bb module_alignment=\u00bbcenter\u00bb global_colors_info=\u00bb{}\u00bb][et_pb_column type=\u00bb1_4&#8243; _builder_version=\u00bb4.21.0&#8243; _module_preset=\u00bbdefault\u00bb global_colors_info=\u00bb{}\u00bb][et_pb_text _builder_version=\u00bb4.22.1&#8243; _module_preset=\u00bbdefault\u00bb text_font_size=\u00bb16px\u00bb text_line_height=\u00bb2em\u00bb global_colors_info=\u00bb{}\u00bb]<\/p>\n<h3><span style=\"color: #062951;\"><strong>ADECUACI\u00d3N DE NAVES<\/strong><\/span><\/h3>\n<p>Conozca algunos proyectos ejecutados, construcci\u00f3n, adecuaci\u00f3n de naves.<\/p>\n<p>[\/et_pb_text][\/et_pb_column][et_pb_column type=\u00bb3_4&#8243; _builder_version=\u00bb4.21.0&#8243; _module_preset=\u00bbdefault\u00bb global_colors_info=\u00bb{}\u00bb][dipl_blog_slider slider_layout=\u00bblayout2&#8243; posts_number=\u00bb3&#8243; show_content=\u00bbon\u00bb show_author=\u00bboff\u00bb show_date=\u00bboff\u00bb show_comments=\u00bboff\u00bb post_content_wrapper_background_color=\u00bbrgba(6,41,81,0.6)\u00bb slider_loop=\u00bbon\u00bb post_per_slide_tablet=\u00bb2&#8243; post_per_slide_phone=\u00bb1&#8243; _builder_version=\u00bb4.22.1&#8243; _module_preset=\u00bbdefault\u00bb title_text_color=\u00bb#FFFFFF\u00bb body_text_color=\u00bb#FFFFFF\u00bb height=\u00bb500px\u00bb box_shadow_style_single_post=\u00bbpreset2&#8243; global_colors_info=\u00bb{}\u00bb][\/dipl_blog_slider][\/et_pb_column][\/et_pb_row][\/et_pb_section]<\/p>\n","protected":false},"excerpt":{"rendered":"<p>Obrasur adapta y modifica un espacio o nave industrial para satisfacer necesidades En Pyser Inform\u00e1tica somos especialistas en la implementaci\u00f3n de sistemas TPV (Terminal Punto de Venta) dise\u00f1ados espec\u00edficamente para el sector de la hosteler\u00eda y el comercio. Nuestros sistemas permiten una gesti\u00f3n r\u00e1pida, eficiente y profesional de tu negocio, adapt\u00e1ndose a las necesidades espec\u00edficas [&hellip;]<\/p>\n","protected":false},"author":2,"featured_media":1258,"parent":0,"menu_order":0,"comment_status":"closed","ping_status":"closed","template":"","meta":{"_et_pb_use_builder":"on","_et_pb_old_content":"","_et_gb_content_width":"","footnotes":""},"class_list":["post-1145","page","type-page","status-publish","has-post-thumbnail","hentry"],"_links":{"self":[{"href":"https:\/\/www.pyser.es\/informatica\/wp-json\/wp\/v2\/pages\/1145","targetHints":{"allow":["GET"]}}],"collection":[{"href":"https:\/\/www.pyser.es\/informatica\/wp-json\/wp\/v2\/pages"}],"about":[{"href":"https:\/\/www.pyser.es\/informatica\/wp-json\/wp\/v2\/types\/page"}],"author":[{"embeddable":true,"href":"https:\/\/www.pyser.es\/informatica\/wp-json\/wp\/v2\/users\/2"}],"replies":[{"embeddable":true,"href":"https:\/\/www.pyser.es\/informatica\/wp-json\/wp\/v2\/comments?post=1145"}],"version-history":[{"count":11,"href":"https:\/\/www.pyser.es\/informatica\/wp-json\/wp\/v2\/pages\/1145\/revisions"}],"predecessor-version":[{"id":1294,"href":"https:\/\/www.pyser.es\/informatica\/wp-json\/wp\/v2\/pages\/1145\/revisions\/1294"}],"wp:featuredmedia":[{"embeddable":true,"href":"https:\/\/www.pyser.es\/informatica\/wp-json\/wp\/v2\/media\/1258"}],"wp:attachment":[{"href":"https:\/\/www.pyser.es\/informatica\/wp-json\/wp\/v2\/media?parent=1145"}],"curies":[{"name":"wp","href":"https:\/\/api.w.org\/{rel}","templated":true}]}}